{"id":793,"date":"2019-08-26T09:11:52","date_gmt":"2019-08-26T15:11:52","guid":{"rendered":"https:\/\/covid.nordiqcanada.ca\/social\/"},"modified":"2020-10-07T09:22:11","modified_gmt":"2020-10-07T15:22:11","slug":"reseaux-sociaux","status":"publish","type":"page","link":"https:\/\/covid.nordiqcanada.ca\/fr\/reseaux-sociaux\/","title":{"rendered":"R\u00e9seaux sociaux"},"content":{"rendered":"<p>[et_pb_section fb_built=\u00a0\u00bb1&Prime; fullwidth=\u00a0\u00bbon\u00a0\u00bb _builder_version=\u00a0\u00bb3.27.3&Prime; saved_tabs=\u00a0\u00bball\u00a0\u00bb][et_pb_fullwidth_menu menu_id=\u00a0\u00bb5&Prime; active_link_color=\u00a0\u00bb#e0251b\u00a0\u00bb _builder_version=\u00a0\u00bb3.29.1&Prime; menu_font=\u00a0\u00bb|300||on|||||\u00a0\u00bb menu_font_size=\u00a0\u00bb16px\u00a0\u00bb custom_css_main_element=\u00a0\u00bbtext-align: right;\u00a0\u00bb border_width_bottom=\u00a0\u00bb1px\u00a0\u00bb border_color_bottom=\u00a0\u00bb#e7e7e7&Prime;][\/et_pb_fullwidth_menu][\/et_pb_section][et_pb_section fb_built=\u00a0\u00bb1&Prime; _builder_version=\u00a0\u00bb3.27.3&Prime;][et_pb_row _builder_version=\u00a0\u00bb3.27.3&Prime;][et_pb_column type=\u00a0\u00bb4_4&Prime; _builder_version=\u00a0\u00bb3.27.3&Prime;][et_pb_text admin_label=\u00a0\u00bbPage heading\u00a0\u00bb module_class=\u00a0\u00bbpage-heading\u00a0\u00bb _builder_version=\u00a0\u00bb3.29.3&Prime; header_2_font=\u00a0\u00bb|300|||||||\u00a0\u00bb custom_margin=\u00a0\u00bb||0px||false|false\u00a0\u00bb custom_padding=\u00a0\u00bb||0px||false|false\u00a0\u00bb]<\/p>\n<h1>Nordiq Canada<\/h1>\n<h2>De plus en plus social<\/h2>\n<p>[\/et_pb_text][et_pb_divider color=\u00a0\u00bb#E0251B\u00a0\u00bb divider_position=\u00a0\u00bbcenter\u00a0\u00bb divider_weight=\u00a0\u00bb4px\u00a0\u00bb _builder_version=\u00a0\u00bb3.27.3&Prime; max_width=\u00a0\u00bb15%\u00a0\u00bb module_alignment=\u00a0\u00bbleft\u00a0\u00bb custom_margin=\u00a0\u00bb0px||2rem||false|false\u00a0\u00bb custom_padding=\u00a0\u00bb0px||||false|false\u00a0\u00bb][\/et_pb_divider][et_pb_text _builder_version=\u00a0\u00bb3.29.3&Prime;]<\/p>\n<p>\u200bLa plupart des clubs au Canada utilisent d\u00e9j\u00e0 tr\u00e8s bien les r\u00e9seaux sociaux pour communiquer avec leurs membres, faire passer le mot et partager leurs exp\u00e9riences. Nordiq Canada tient \u00e0 contribuer quelques items suppl\u00e9mentaires \u00e0 partager. En plus de notre vid\u00e9oth\u00e8que et de notre banque d&rsquo;images, nous vous invitons \u00e0 utiliser les expressions de marque ci-dessous. Et si vous avez des d&rsquo;autres id\u00e9es, n&rsquo;h\u00e9sitez pas \u00e0 <a href=\"https:\/\/covid.nordiqcanada.ca\/coordonnees\/?lang=fr\">nous en faire part<\/a>.<\/p>\n<p>[\/et_pb_text][\/et_pb_column][\/et_pb_row][\/et_pb_section][et_pb_section fb_built=\u00a0\u00bb1&Prime; admin_label=\u00a0\u00bbSocial Media Thumbnails\u00a0\u00bb module_class=\u00a0\u00bbdownloads\u00a0\u00bb _builder_version=\u00a0\u00bb3.29.3&Prime;][et_pb_row column_structure=\u00a0\u00bb1_4,1_4,1_4,1_4&Prime; use_custom_gutter=\u00a0\u00bbon\u00a0\u00bb make_equal=\u00a0\u00bbon\u00a0\u00bb _builder_version=\u00a0\u00bb3.27.3&Prime;][et_pb_column type=\u00a0\u00bb1_4&Prime; _builder_version=\u00a0\u00bb3.27.3&Prime;][et_pb_image src=\u00a0\u00bbhttps:\/\/covid.nordiqcanada.ca\/wp-content\/uploads\/3.jpg\u00a0\u00bb align=\u00a0\u00bbcenter\u00a0\u00bb _builder_version=\u00a0\u00bb3.29.3&Prime; border_width_all=\u00a0\u00bb1px\u00a0\u00bb border_color_all=\u00a0\u00bb#EBEBEB\u00a0\u00bb][\/et_pb_image][et_pb_text admin_label=\u00a0\u00bbCourse au vent, chasse au soleil\u00a0\u00bb _builder_version=\u00a0\u00bb3.29.3&Prime; custom_margin=\u00a0\u00bb||0px||false|false\u00a0\u00bb custom_padding=\u00a0\u00bb||0px||false|false\u00a0\u00bb]<\/p>\n<h4>Course au vent, chasse au soleil<\/h4>\n<h4>T\u00e9l\u00e9charger<\/h4>\n<p>[\/et_pb_text][et_pb_text admin_label=\u00a0\u00bbDownloads\u00a0\u00bb _builder_version=\u00a0\u00bb3.29.3&Prime;]<\/p>\n<div class=\"download\"><a href=\"https:\/\/covid.nordiqcanada.ca\/wp-content\/uploads\/3.jpg\">JPG<\/a><\/div>\n<p>[\/et_pb_text][\/et_pb_column][et_pb_column type=\u00a0\u00bb1_4&Prime; _builder_version=\u00a0\u00bb3.27.3&Prime;][et_pb_image src=\u00a0\u00bbhttps:\/\/covid.nordiqcanada.ca\/wp-content\/uploads\/2-1.jpg\u00a0\u00bb align=\u00a0\u00bbcenter\u00a0\u00bb _builder_version=\u00a0\u00bb3.29.3&Prime; border_width_all=\u00a0\u00bb1px\u00a0\u00bb border_color_all=\u00a0\u00bb#EBEBEB\u00a0\u00bb][\/et_pb_image][et_pb_text admin_label=\u00a0\u00bbEssayez de m&rsquo;arr\u00eater\u00a0\u00bb _builder_version=\u00a0\u00bb3.29.3&Prime; custom_margin=\u00a0\u00bb||0px||false|false\u00a0\u00bb custom_padding=\u00a0\u00bb||0px||false|false\u00a0\u00bb]<\/p>\n<h4>Essayez de m&rsquo;arr\u00eater<\/h4>\n<p>&nbsp;<\/p>\n<h4>T\u00e9l\u00e9charger<\/h4>\n<p>[\/et_pb_text][et_pb_text admin_label=\u00a0\u00bbDownloads\u00a0\u00bb _builder_version=\u00a0\u00bb3.29.3&Prime;]<\/p>\n<div class=\"download\"><a href=\"https:\/\/covid.nordiqcanada.ca\/wp-content\/uploads\/2-1.jpg\">JPG<\/a><\/div>\n<p>[\/et_pb_text][\/et_pb_column][et_pb_column type=\u00a0\u00bb1_4&Prime; _builder_version=\u00a0\u00bb3.27.3&Prime;][et_pb_image src=\u00a0\u00bbhttps:\/\/covid.nordiqcanada.ca\/wp-content\/uploads\/1-1.jpg\u00a0\u00bb align=\u00a0\u00bbcenter\u00a0\u00bb _builder_version=\u00a0\u00bb3.29.3&Prime; background_enable_color=\u00a0\u00bboff\u00a0\u00bb border_width_all=\u00a0\u00bb1px\u00a0\u00bb border_color_all=\u00a0\u00bb#EBEBEB\u00a0\u00bb][\/et_pb_image][et_pb_text admin_label=\u00a0\u00bbOn traversera le pont rendu \u00e0 la riv\u00e8re\u00a0\u00bb _builder_version=\u00a0\u00bb3.29.3&Prime; custom_margin=\u00a0\u00bb||0px||false|false\u00a0\u00bb custom_padding=\u00a0\u00bb||0px||false|false\u00a0\u00bb]<\/p>\n<h4>On traversera le pont rendu \u00e0 la rivi\u00e8re<\/h4>\n<h4>T\u00e9l\u00e9charger<\/h4>\n<p>[\/et_pb_text][et_pb_text admin_label=\u00a0\u00bbDownloads\u00a0\u00bb _builder_version=\u00a0\u00bb3.29.3&Prime;]<\/p>\n<div class=\"download\"><a href=\"https:\/\/covid.nordiqcanada.ca\/wp-content\/uploads\/1-1.jpg\">JPG<\/a><\/div>\n<p>[\/et_pb_text][\/et_pb_column][et_pb_column type=\u00a0\u00bb1_4&Prime; _builder_version=\u00a0\u00bb3.27.3&Prime;][et_pb_text _builder_version=\u00a0\u00bb3.29.3&Prime; header_text_align=\u00a0\u00bbcenter\u00a0\u00bb max_height=\u00a0\u00bb283px\u00a0\u00bb custom_padding=\u00a0\u00bb140px||||false|false\u00a0\u00bb]<\/p>\n<h4><a href=\"https:\/\/covid.nordiqcanada.ca\/wp-content\/uploads\/Instagram-french-1.zip\">tout t\u00e9l\u00e9charger<\/a><\/h4>\n<p>[\/et_pb_text][\/et_pb_column][\/et_pb_row][\/et_pb_section][et_pb_section fb_built=\u00a0\u00bb1&Prime; admin_label=\u00a0\u00bbSocial Media Thumbnails\u00a0\u00bb module_class=\u00a0\u00bbdownloads\u00a0\u00bb _builder_version=\u00a0\u00bb3.29.3&Prime;][et_pb_row column_structure=\u00a0\u00bb1_4,1_4,1_4,1_4&Prime; use_custom_gutter=\u00a0\u00bbon\u00a0\u00bb make_equal=\u00a0\u00bbon\u00a0\u00bb _builder_version=\u00a0\u00bb3.27.3&Prime;][et_pb_column type=\u00a0\u00bb1_4&Prime; _builder_version=\u00a0\u00bb3.27.3&Prime;][et_pb_image src=\u00a0\u00bbhttps:\/\/covid.nordiqcanada.ca\/wp-content\/uploads\/4.jpg\u00a0\u00bb align=\u00a0\u00bbcenter\u00a0\u00bb _builder_version=\u00a0\u00bb3.29.3&Prime; border_width_all=\u00a0\u00bb1px\u00a0\u00bb border_color_all=\u00a0\u00bb#EBEBEB\u00a0\u00bb][\/et_pb_image][et_pb_text admin_label=\u00a0\u00bbD\u00e9pistage positif d\u2019adr\u00e9naline\u00a0\u00bb _builder_version=\u00a0\u00bb3.29.3&Prime; custom_margin=\u00a0\u00bb||0px||false|false\u00a0\u00bb custom_padding=\u00a0\u00bb||0px||false|false\u00a0\u00bb]<\/p>\n<h4>D\u00e9pistage positif d&rsquo;adr\u00e9naline<\/h4>\n<h4>T\u00e9l\u00e9charger<\/h4>\n<p>[\/et_pb_text][et_pb_text admin_label=\u00a0\u00bbDownloads\u00a0\u00bb _builder_version=\u00a0\u00bb3.29.3&Prime;]<\/p>\n<div class=\"download\"><a href=\"https:\/\/covid.nordiqcanada.ca\/wp-content\/uploads\/4.jpg\">JPG<\/a><\/div>\n<p>[\/et_pb_text][\/et_pb_column][et_pb_column type=\u00a0\u00bb1_4&Prime; _builder_version=\u00a0\u00bb3.27.3&Prime;][et_pb_image src=\u00a0\u00bbhttps:\/\/covid.nordiqcanada.ca\/wp-content\/uploads\/5.jpg\u00a0\u00bb align=\u00a0\u00bbcenter\u00a0\u00bb _builder_version=\u00a0\u00bb3.29.3&Prime; background_enable_color=\u00a0\u00bboff\u00a0\u00bb border_width_all=\u00a0\u00bb1px\u00a0\u00bb border_color_all=\u00a0\u00bb#EBEBEB\u00a0\u00bb][\/et_pb_image][et_pb_text admin_label=\u00a0\u00bbChaussez vos skis \u00e9troits \u00a0\u00bb _builder_version=\u00a0\u00bb3.29.3&Prime; custom_margin=\u00a0\u00bb||0px||false|false\u00a0\u00bb custom_padding=\u00a0\u00bb||0px||false|false\u00a0\u00bb]<\/p>\n<h4>Chaussez vos skis \u00e9troits<\/h4>\n<h4>\u00a0<\/h4>\n<h4>T\u00e9l\u00e9charger<\/h4>\n<p>[\/et_pb_text][et_pb_text admin_label=\u00a0\u00bbDownloads\u00a0\u00bb _builder_version=\u00a0\u00bb3.29.3&Prime;]<\/p>\n<div class=\"download\"><a href=\"https:\/\/covid.nordiqcanada.ca\/wp-content\/uploads\/5.jpg\">JPG<\/a><\/div>\n<p>[\/et_pb_text][\/et_pb_column][et_pb_column type=\u00a0\u00bb1_4&Prime; _builder_version=\u00a0\u00bb3.27.3&Prime;][\/et_pb_column][et_pb_column type=\u00a0\u00bb1_4&Prime; _builder_version=\u00a0\u00bb3.27.3&Prime;][\/et_pb_column][\/et_pb_row][\/et_pb_section]<\/p>\n","protected":false},"excerpt":{"rendered":"<p>Nordiq Canada De plus en plus social\u200bLa plupart des clubs au Canada utilisent d\u00e9j\u00e0 tr\u00e8s bien les r\u00e9seaux sociaux pour communiquer avec leurs membres, faire passer le mot et partager leurs exp\u00e9riences. Nordiq Canada tient \u00e0 contribuer quelques items suppl\u00e9mentaires \u00e0 partager. En plus de notre vid\u00e9oth\u00e8que et de notre banque d&rsquo;images, nous vous invitons [&hellip;]<\/p>\n","protected":false},"author":1,"featured_media":0,"parent":0,"menu_order":0,"comment_status":"closed","ping_status":"closed","template":"","meta":{"_et_pb_use_builder":"on","_et_pb_old_content":"","_et_gb_content_width":"","footnotes":""},"class_list":["post-793","page","type-page","status-publish","hentry"],"_links":{"self":[{"href":"https:\/\/covid.nordiqcanada.ca\/fr\/wp-json\/wp\/v2\/pages\/793","targetHints":{"allow":["GET"]}}],"collection":[{"href":"https:\/\/covid.nordiqcanada.ca\/fr\/wp-json\/wp\/v2\/pages"}],"about":[{"href":"https:\/\/covid.nordiqcanada.ca\/fr\/wp-json\/wp\/v2\/types\/page"}],"author":[{"embeddable":true,"href":"https:\/\/covid.nordiqcanada.ca\/fr\/wp-json\/wp\/v2\/users\/1"}],"replies":[{"embeddable":true,"href":"https:\/\/covid.nordiqcanada.ca\/fr\/wp-json\/wp\/v2\/comments?post=793"}],"version-history":[{"count":5,"href":"https:\/\/covid.nordiqcanada.ca\/fr\/wp-json\/wp\/v2\/pages\/793\/revisions"}],"predecessor-version":[{"id":954,"href":"https:\/\/covid.nordiqcanada.ca\/fr\/wp-json\/wp\/v2\/pages\/793\/revisions\/954"}],"wp:attachment":[{"href":"https:\/\/covid.nordiqcanada.ca\/fr\/wp-json\/wp\/v2\/media?parent=793"}],"curies":[{"name":"wp","href":"https:\/\/api.w.org\/{rel}","templated":true}]}}