{"id":788,"date":"2019-10-03T09:53:29","date_gmt":"2019-10-03T15:53:29","guid":{"rendered":"https:\/\/covid.nordiqcanada.ca\/guidelines\/"},"modified":"2020-11-02T20:45:58","modified_gmt":"2020-11-03T03:45:58","slug":"jeunes","status":"publish","type":"page","link":"https:\/\/covid.nordiqcanada.ca\/fr\/jeunes\/","title":{"rendered":"Jeunes"},"content":{"rendered":"<p>[et_pb_section fb_built=\u00a0\u00bb1&Prime; fullwidth=\u00a0\u00bbon\u00a0\u00bb _builder_version=\u00a0\u00bb3.27.3&Prime; saved_tabs=\u00a0\u00bball\u00a0\u00bb][et_pb_fullwidth_menu menu_id=\u00a0\u00bb5&Prime; active_link_color=\u00a0\u00bb#e0251b\u00a0\u00bb _builder_version=\u00a0\u00bb3.29.3&Prime; menu_font=\u00a0\u00bb|300||on|||||\u00a0\u00bb menu_font_size=\u00a0\u00bb16px\u00a0\u00bb custom_css_main_element=\u00a0\u00bbtext-align: right;\u00a0\u00bb border_width_bottom=\u00a0\u00bb1px\u00a0\u00bb border_color_bottom=\u00a0\u00bb#e7e7e7&Prime;][\/et_pb_fullwidth_menu][\/et_pb_section][et_pb_section fb_built=\u00a0\u00bb1&Prime; _builder_version=\u00a0\u00bb3.27.3&Prime;][et_pb_row _builder_version=\u00a0\u00bb3.27.3&Prime;][et_pb_column type=\u00a0\u00bb4_4&Prime; _builder_version=\u00a0\u00bb3.27.3&Prime;][et_pb_text admin_label=\u00a0\u00bbPage heading\u00a0\u00bb module_class=\u00a0\u00bbpage-heading\u00a0\u00bb _builder_version=\u00a0\u00bb4.6.5&Prime; header_2_font=\u00a0\u00bb|300|||||||\u00a0\u00bb custom_margin=\u00a0\u00bb||0px||false|false\u00a0\u00bb custom_padding=\u00a0\u00bb||0px||false|false\u00a0\u00bb]<\/p>\n<h1>Jeunes<\/h1>\n<p>[\/et_pb_text][et_pb_divider color=\u00a0\u00bb#E0251B\u00a0\u00bb divider_position=\u00a0\u00bbcenter\u00a0\u00bb divider_weight=\u00a0\u00bb4px\u00a0\u00bb _builder_version=\u00a0\u00bb3.27.3&Prime; max_width=\u00a0\u00bb15%\u00a0\u00bb module_alignment=\u00a0\u00bbleft\u00a0\u00bb custom_margin=\u00a0\u00bb0px||2rem||false|false\u00a0\u00bb custom_padding=\u00a0\u00bb0px||||false|false\u00a0\u00bb][\/et_pb_divider][et_pb_text _builder_version=\u00a0\u00bb4.6.6&Prime; hover_enabled=\u00a0\u00bb0&Prime; sticky_enabled=\u00a0\u00bb0&Prime;]<\/p>\n<p>Le cadre pour le d\u00e9veloppement des <a href=\"https:\/\/covid.nordiqcanada.ca\/fr\/retour-au-ski\/\">protocoles de retour au jeu de la COVID-19 de Nordiq Canada<\/a> est offert pour vous aider \u00e0 modifier vos activit\u00e9s afin de respecter les diff\u00e9rentes mesures de sant\u00e9 publique en place dans votre r\u00e9gion. Le cadre comprend une section sp\u00e9cifique qui aborde les programmes pour les jeunes.<\/p>\n<p>[\/et_pb_text][et_pb_text admin_label=\u00a0\u00bbClub Resources\u00a0\u00bb _builder_version=\u00a0\u00bb4.6.6&Prime; _module_preset=\u00a0\u00bbdefault\u00a0\u00bb]<\/p>\n<h2>Ressources pour les clubs\u00a0:<\/h2>\n<ul>\n<li>Sovereign Lake et Caledonia ont cr\u00e9\u00e9 des pages de ressources (<a href=\"https:\/\/www.sovereignlake.com\/covid-19-protocols-and-communications-page\/\"><strong>ici<\/strong><\/a> et <a href=\"https:\/\/www.caledonianordic.com\/about-us\/covid-19-information\"><strong>ici<\/strong><\/a>) dont les autres clubs peuvent profiter. Il est \u00e0 noter que Sovereign et Caledonia ont des installations\/du personnel\/des programmes d\u2019envergure, les clubs qui utilisent ces documents pourraient donc vouloir r\u00e9duire les mesures de ces documents.<\/li>\n<\/ul>\n<p>[\/et_pb_text][et_pb_text admin_label=\u00a0\u00bbClub house\u00a0\u00bb _builder_version=\u00a0\u00bb4.6.6&Prime; _module_preset=\u00a0\u00bbdefault\u00a0\u00bb]<\/p>\n<h2>Huttes\/pavillons\u00a0:<\/h2>\n<ul>\n<li>Si l\u2019acc\u00e8s aux installations de r\u00e9chauffement (huttes\/pavillons\/chalets) est restreint, envisagez de d\u00e9placer les entra\u00eenements aux heures plus chaudes de la journ\u00e9e et faites l\u2019horaire selon un ordre de priorit\u00e9 (par exemple, les plus jeunes skient aux heures les plus chaudes).<\/li>\n<li>Si l\u2019acc\u00e8s aux huttes\/pavillons est restreint, effectuez des \u00ab\u00a0jeux d\u2019\u00e9chauffement\u00a0\u00bb appropri\u00e9s pour que les skieurs jouent pendant que vous attendez les retardataires.<\/li>\n<li>Cr\u00e9ez des opportunit\u00e9s de r\u00e9chauffement \u00e0 l\u2019ext\u00e9rieur (par exemple, un chauffe-terrasse, un feu de camp ou un foyer ext\u00e9rieur) tout en appliquant les mesures de distanciation physique.<\/li>\n<li>D\u00e9signez des aires de d\u00e9barquement et d\u2019embarquement.<\/li>\n<li>Les entra\u00eeneurs\/b\u00e9n\u00e9voles peuvent apporter des chauffe-mains suppl\u00e9mentaires.<\/li>\n<li>Une liste de v\u00eatements chauds appropri\u00e9s doit \u00eatre envoy\u00e9e aux skieurs\/parents.<\/li>\n<\/ul>\n<p>[\/et_pb_text][et_pb_image src=\u00a0\u00bbhttps:\/\/covid.nordiqcanada.ca\/wp-content\/uploads\/clubhouse-fr.jpg\u00a0\u00bb title_text=\u00a0\u00bbclubhouse-fr\u00a0\u00bb _builder_version=\u00a0\u00bb4.6.6&Prime; _module_preset=\u00a0\u00bbdefault\u00a0\u00bb][\/et_pb_image][et_pb_text admin_label=\u00a0\u00bb2m\u00a0\u00bb _builder_version=\u00a0\u00bb4.6.6&Prime; _module_preset=\u00a0\u00bbdefault\u00a0\u00bb]<\/p>\n<h2>Que repr\u00e9sentent 2\u00a0m?<\/h2>\n<ul>\n<li>L\u2019utilisation de skis ou de b\u00e2tons pour appliquer la distanciation sociale est une bonne fa\u00e7on de faire participer les jeunes pour mieux comprendre la distance<\/li>\n<\/ul>\n<p>[\/et_pb_text][et_pb_image src=\u00a0\u00bbhttps:\/\/covid.nordiqcanada.ca\/wp-content\/uploads\/2m-distance-scaled-e1604350492444.jpg\u00a0\u00bb title_text=\u00a0\u00bb2m distance\u00a0\u00bb _builder_version=\u00a0\u00bb4.6.6&Prime; _module_preset=\u00a0\u00bbdefault\u00a0\u00bb width=\u00a0\u00bb50%\u00a0\u00bb width_tablet=\u00a0\u00bb\u00a0\u00bb width_phone=\u00a0\u00bb100%\u00a0\u00bb width_last_edited=\u00a0\u00bbon|phone\u00a0\u00bb module_alignment=\u00a0\u00bbcenter\u00a0\u00bb][\/et_pb_image][et_pb_text admin_label=\u00a0\u00bbSnacks\u00a0\u00bb _builder_version=\u00a0\u00bb4.6.6&Prime; _module_preset=\u00a0\u00bbdefault\u00a0\u00bb]<\/p>\n<h2>Collations en ski\u00a0:<\/h2>\n<ul>\n<li>Modifiez les rituels d\u2019entra\u00eenement de groupe (par exemple, plut\u00f4t qu\u2019un chocolat chaud en groupe, demandez aux jeunes d\u2019apporter leur propre chocolat chaud dans un thermos).<\/li>\n<li>Encouragez les skieurs \u00e0 apporter leurs articles essentiels dans un sac \u00e0 dos (manteau chaud, collations, thermos, eau, etc.). Allez dehors pour prendre la collation ou apportez-la lors d\u2019aventures en skis.<\/li>\n<\/ul>\n<p>[\/et_pb_text][et_pb_image src=\u00a0\u00bbhttps:\/\/covid.nordiqcanada.ca\/wp-content\/uploads\/snacks-fr-2.jpg\u00a0\u00bb title_text=\u00a0\u00bbsnacks-fr-2&Prime; _builder_version=\u00a0\u00bb4.6.6&Prime; _module_preset=\u00a0\u00bbdefault\u00a0\u00bb][\/et_pb_image][et_pb_text admin_label=\u00a0\u00bbGames\u00a0\u00bb _builder_version=\u00a0\u00bb4.6.6&Prime; _module_preset=\u00a0\u00bbdefault\u00a0\u00bb]<\/p>\n<h2>Jeux\/techniques\/aptitudes\u00a0:<\/h2>\n<ul>\n<li>Visionnez et modifiez les <a href=\"https:\/\/nordicskilab.com\/jeux-educatifs-pour-jeunes-skieurs-de-fond-acces-libre\/\">vid\u00e9os sur les jeux techniques de XC Nation<\/a> au besoin.<\/li>\n<li>Pr\u00e9voyez plus d\u2019espace<\/li>\n<li>Privil\u00e9giez les d\u00e9parts individuels plut\u00f4t que les d\u00e9parts de masse<\/li>\n<\/ul>\n<p>[\/et_pb_text][et_pb_image src=\u00a0\u00bbhttps:\/\/covid.nordiqcanada.ca\/wp-content\/uploads\/games-fr.jpg\u00a0\u00bb title_text=\u00a0\u00bbgames-fr\u00a0\u00bb _builder_version=\u00a0\u00bb4.6.6&Prime; _module_preset=\u00a0\u00bbdefault\u00a0\u00bb][\/et_pb_image][\/et_pb_column][\/et_pb_row][\/et_pb_section]<\/p>\n","protected":false},"excerpt":{"rendered":"<p>JeunesLe cadre pour le d\u00e9veloppement des protocoles de retour au jeu de la COVID-19 de Nordiq Canada est offert pour vous aider \u00e0 modifier vos activit\u00e9s afin de respecter les diff\u00e9rentes mesures de sant\u00e9 publique en place dans votre r\u00e9gion. Le cadre comprend une section sp\u00e9cifique qui aborde les programmes pour les jeunes. Ressources pour [&hellip;]<\/p>\n","protected":false},"author":1,"featured_media":0,"parent":0,"menu_order":0,"comment_status":"closed","ping_status":"closed","template":"","meta":{"_et_pb_use_builder":"on","_et_pb_old_content":"","_et_gb_content_width":"","footnotes":""},"class_list":["post-788","page","type-page","status-publish","hentry"],"_links":{"self":[{"href":"https:\/\/covid.nordiqcanada.ca\/fr\/wp-json\/wp\/v2\/pages\/788","targetHints":{"allow":["GET"]}}],"collection":[{"href":"https:\/\/covid.nordiqcanada.ca\/fr\/wp-json\/wp\/v2\/pages"}],"about":[{"href":"https:\/\/covid.nordiqcanada.ca\/fr\/wp-json\/wp\/v2\/types\/page"}],"author":[{"embeddable":true,"href":"https:\/\/covid.nordiqcanada.ca\/fr\/wp-json\/wp\/v2\/users\/1"}],"replies":[{"embeddable":true,"href":"https:\/\/covid.nordiqcanada.ca\/fr\/wp-json\/wp\/v2\/comments?post=788"}],"version-history":[{"count":10,"href":"https:\/\/covid.nordiqcanada.ca\/fr\/wp-json\/wp\/v2\/pages\/788\/revisions"}],"predecessor-version":[{"id":1499,"href":"https:\/\/covid.nordiqcanada.ca\/fr\/wp-json\/wp\/v2\/pages\/788\/revisions\/1499"}],"wp:attachment":[{"href":"https:\/\/covid.nordiqcanada.ca\/fr\/wp-json\/wp\/v2\/media?parent=788"}],"curies":[{"name":"wp","href":"https:\/\/api.w.org\/{rel}","templated":true}]}}