{"id":777,"date":"2019-08-26T09:09:03","date_gmt":"2019-08-26T15:09:03","guid":{"rendered":"https:\/\/covid.nordiqcanada.ca\/posters-2\/"},"modified":"2020-10-07T09:22:01","modified_gmt":"2020-10-07T15:22:01","slug":"affiches","status":"publish","type":"page","link":"https:\/\/covid.nordiqcanada.ca\/fr\/affiches\/","title":{"rendered":"Affiches"},"content":{"rendered":"<p>[et_pb_section fb_built=\u00a0\u00bb1&Prime; fullwidth=\u00a0\u00bbon\u00a0\u00bb _builder_version=\u00a0\u00bb3.27.3&Prime; saved_tabs=\u00a0\u00bball\u00a0\u00bb][et_pb_fullwidth_menu menu_id=\u00a0\u00bb5&Prime; active_link_color=\u00a0\u00bb#e0251b\u00a0\u00bb _builder_version=\u00a0\u00bb3.29.1&Prime; menu_font=\u00a0\u00bb|300||on|||||\u00a0\u00bb menu_font_size=\u00a0\u00bb16px\u00a0\u00bb custom_css_main_element=\u00a0\u00bbtext-align: right;\u00a0\u00bb border_width_bottom=\u00a0\u00bb1px\u00a0\u00bb border_color_bottom=\u00a0\u00bb#e7e7e7&Prime;][\/et_pb_fullwidth_menu][\/et_pb_section][et_pb_section fb_built=\u00a0\u00bb1&Prime; _builder_version=\u00a0\u00bb3.27.3&Prime;][et_pb_row _builder_version=\u00a0\u00bb3.27.3&Prime;][et_pb_column type=\u00a0\u00bb4_4&Prime; _builder_version=\u00a0\u00bb3.27.3&Prime;][et_pb_text admin_label=\u00a0\u00bbPage heading\u00a0\u00bb module_class=\u00a0\u00bbpage-heading\u00a0\u00bb _builder_version=\u00a0\u00bb3.29.3&Prime; header_2_font=\u00a0\u00bb|300|||||||\u00a0\u00bb custom_margin=\u00a0\u00bb||0px||false|false\u00a0\u00bb custom_padding=\u00a0\u00bb||0px||false|false\u00a0\u00bb]<\/p>\n<h1>Nordiq Canada<\/h1>\n<h2>Promouvoir notre sport<\/h2>\n<p>[\/et_pb_text][et_pb_divider color=\u00a0\u00bb#E0251B\u00a0\u00bb divider_position=\u00a0\u00bbcenter\u00a0\u00bb divider_weight=\u00a0\u00bb4px\u00a0\u00bb _builder_version=\u00a0\u00bb3.27.3&Prime; max_width=\u00a0\u00bb15%\u00a0\u00bb module_alignment=\u00a0\u00bbleft\u00a0\u00bb custom_margin=\u00a0\u00bb0px||2rem||false|false\u00a0\u00bb custom_padding=\u00a0\u00bb0px||||false|false\u00a0\u00bb][\/et_pb_divider][et_pb_text _builder_version=\u00a0\u00bb3.29.3&Prime;]<\/p>\n<p>Les affiches peuvent sembler d\u00e9mod\u00e9es, mais elles n&rsquo;ont pas d&rsquo;\u00e9gal en termes d&rsquo;impression imm\u00e9diate et percutante. Les affiches attrayantes restent en place pendant des ann\u00e9es. Les athl\u00e8tes de tous \u00e2ges et de tous niveaux adorent les affiches. Demandez \u00e0 Nike. En plus, elles sont vraiment pratiques pour cacher les marques et les trous dans le mur. Vous trouverez ci-dessous trois nouvelles affiches de Nordiq Canada que vous pouvez t\u00e9l\u00e9charger et imprimer localement. Les dimensions des affiches sont de 11 x 17 po, mais si vous d\u00e9sirez un format plus grand, appelez-nous et nous vous fournirons tout ce dont vous avez besoin.<\/p>\n<p>[\/et_pb_text][\/et_pb_column][\/et_pb_row][\/et_pb_section][et_pb_section fb_built=\u00a0\u00bb1&Prime; admin_label=\u00a0\u00bbDownload\u00a0\u00bb module_class=\u00a0\u00bbdownloads\u00a0\u00bb _builder_version=\u00a0\u00bb3.27.3&Prime;][et_pb_row column_structure=\u00a0\u00bb1_4,1_4,1_4,1_4&Prime; use_custom_gutter=\u00a0\u00bbon\u00a0\u00bb make_equal=\u00a0\u00bbon\u00a0\u00bb _builder_version=\u00a0\u00bb3.27.3&Prime;][et_pb_column type=\u00a0\u00bb1_4&Prime; _builder_version=\u00a0\u00bb3.27.3&Prime;][et_pb_image src=\u00a0\u00bbhttps:\/\/covid.nordiqcanada.ca\/wp-content\/uploads\/Poster-1_english.jpg\u00a0\u00bb align=\u00a0\u00bbcenter\u00a0\u00bb _builder_version=\u00a0\u00bb3.27.3&Prime; border_width_all=\u00a0\u00bb1px\u00a0\u00bb border_color_all=\u00a0\u00bb#EBEBEB\u00a0\u00bb][\/et_pb_image][et_pb_text _builder_version=\u00a0\u00bb3.29.3&Prime; custom_margin=\u00a0\u00bb||0px||false|false\u00a0\u00bb custom_padding=\u00a0\u00bb||0px||false|false\u00a0\u00bb]<\/p>\n<h4>Nordiq Canada<br \/>Affiche 1<\/h4>\n<h4>T\u00e9l\u00e9charger<\/h4>\n<p>[\/et_pb_text][et_pb_text admin_label=\u00a0\u00bbDownloads\u00a0\u00bb _builder_version=\u00a0\u00bb3.27.4&Prime;]<\/p>\n<div class=\"download\"><a href=\"\/wp-content\/uploads\/Poster-1_english.pdf\">PDF &#8211; English<\/a><\/div>\n<div class=\"download\"><a href=\"\/wp-content\/uploads\/Poster-1_french-1.pdf\">PDF &#8211; French<\/a><\/div>\n<p>[\/et_pb_text][\/et_pb_column][et_pb_column type=\u00a0\u00bb1_4&Prime; _builder_version=\u00a0\u00bb3.27.3&Prime;][et_pb_image src=\u00a0\u00bbhttps:\/\/covid.nordiqcanada.ca\/wp-content\/uploads\/Poster-2.jpg\u00a0\u00bb align=\u00a0\u00bbcenter\u00a0\u00bb _builder_version=\u00a0\u00bb3.27.3&Prime; border_width_all=\u00a0\u00bb1px\u00a0\u00bb border_color_all=\u00a0\u00bb#EBEBEB\u00a0\u00bb][\/et_pb_image][et_pb_text _builder_version=\u00a0\u00bb3.29.3&Prime; custom_margin=\u00a0\u00bb||0px||false|false\u00a0\u00bb custom_padding=\u00a0\u00bb||0px||false|false\u00a0\u00bb]<\/p>\n<h4>Nordiq Canada<br \/>Affiche 2<\/h4>\n<h4>T\u00e9l\u00e9charger<\/h4>\n<p>[\/et_pb_text][et_pb_text admin_label=\u00a0\u00bbDownloads\u00a0\u00bb _builder_version=\u00a0\u00bb3.27.4&Prime;]<\/p>\n<div class=\"download\"><a href=\"\/wp-content\/uploads\/Poster-2.pdf\">PDF<\/a><\/div>\n<p>[\/et_pb_text][\/et_pb_column][et_pb_column type=\u00a0\u00bb1_4&Prime; _builder_version=\u00a0\u00bb3.27.3&Prime;][et_pb_image src=\u00a0\u00bbhttps:\/\/covid.nordiqcanada.ca\/wp-content\/uploads\/Poster-3.jpg\u00a0\u00bb align=\u00a0\u00bbcenter\u00a0\u00bb _builder_version=\u00a0\u00bb3.27.3&Prime; background_color=\u00a0\u00bb#4d4d4d\u00a0\u00bb border_width_all=\u00a0\u00bb1px\u00a0\u00bb border_color_all=\u00a0\u00bb#EBEBEB\u00a0\u00bb][\/et_pb_image][et_pb_text _builder_version=\u00a0\u00bb3.29.3&Prime; custom_margin=\u00a0\u00bb||0px||false|false\u00a0\u00bb custom_padding=\u00a0\u00bb||0px||false|false\u00a0\u00bb]<\/p>\n<h4>Nordiq Canada<br \/>Affiche 3<\/h4>\n<h4>T\u00e9l\u00e9charger<\/h4>\n<p>[\/et_pb_text][et_pb_text admin_label=\u00a0\u00bbDownloads\u00a0\u00bb _builder_version=\u00a0\u00bb3.27.4&Prime;]<\/p>\n<div class=\"download\"><a href=\"\/wp-content\/uploads\/Poster-3.pdf\">PDF<\/a><\/div>\n<p>[\/et_pb_text][\/et_pb_column][et_pb_column type=\u00a0\u00bb1_4&Prime; _builder_version=\u00a0\u00bb3.27.3&Prime;][et_pb_text _builder_version=\u00a0\u00bb3.29.3&Prime; header_text_align=\u00a0\u00bbcenter\u00a0\u00bb max_height=\u00a0\u00bb283px\u00a0\u00bb custom_padding=\u00a0\u00bb140px||||false|false\u00a0\u00bb]<\/p>\n<h4><a href=\"\/wp-content\/uploads\/posters.zip\">Tout t\u00e9l\u00e9charger<\/a><\/h4>\n<p>[\/et_pb_text][\/et_pb_column][\/et_pb_row][\/et_pb_section]<\/p>\n","protected":false},"excerpt":{"rendered":"<p>Nordiq Canada Promouvoir notre sportLes affiches peuvent sembler d\u00e9mod\u00e9es, mais elles n&rsquo;ont pas d&rsquo;\u00e9gal en termes d&rsquo;impression imm\u00e9diate et percutante. Les affiches attrayantes restent en place pendant des ann\u00e9es. Les athl\u00e8tes de tous \u00e2ges et de tous niveaux adorent les affiches. Demandez \u00e0 Nike. En plus, elles sont vraiment pratiques pour cacher les marques et [&hellip;]<\/p>\n","protected":false},"author":1,"featured_media":0,"parent":0,"menu_order":0,"comment_status":"closed","ping_status":"closed","template":"","meta":{"_et_pb_use_builder":"on","_et_pb_old_content":"","_et_gb_content_width":"","footnotes":""},"class_list":["post-777","page","type-page","status-publish","hentry"],"_links":{"self":[{"href":"https:\/\/covid.nordiqcanada.ca\/fr\/wp-json\/wp\/v2\/pages\/777","targetHints":{"allow":["GET"]}}],"collection":[{"href":"https:\/\/covid.nordiqcanada.ca\/fr\/wp-json\/wp\/v2\/pages"}],"about":[{"href":"https:\/\/covid.nordiqcanada.ca\/fr\/wp-json\/wp\/v2\/types\/page"}],"author":[{"embeddable":true,"href":"https:\/\/covid.nordiqcanada.ca\/fr\/wp-json\/wp\/v2\/users\/1"}],"replies":[{"embeddable":true,"href":"https:\/\/covid.nordiqcanada.ca\/fr\/wp-json\/wp\/v2\/comments?post=777"}],"version-history":[{"count":5,"href":"https:\/\/covid.nordiqcanada.ca\/fr\/wp-json\/wp\/v2\/pages\/777\/revisions"}],"predecessor-version":[{"id":944,"href":"https:\/\/covid.nordiqcanada.ca\/fr\/wp-json\/wp\/v2\/pages\/777\/revisions\/944"}],"wp:attachment":[{"href":"https:\/\/covid.nordiqcanada.ca\/fr\/wp-json\/wp\/v2\/media?parent=777"}],"curies":[{"name":"wp","href":"https:\/\/api.w.org\/{rel}","templated":true}]}}