{"id":772,"date":"2019-08-26T09:03:16","date_gmt":"2019-08-26T15:03:16","guid":{"rendered":"https:\/\/covid.nordiqcanada.ca\/logos\/"},"modified":"2021-03-24T14:17:20","modified_gmt":"2021-03-24T20:17:20","slug":"competitions","status":"publish","type":"page","link":"https:\/\/covid.nordiqcanada.ca\/fr\/competitions\/","title":{"rendered":"Comp\u00e9titions"},"content":{"rendered":"<p>[et_pb_section fb_built=\u00a0\u00bb1&Prime; fullwidth=\u00a0\u00bbon\u00a0\u00bb _builder_version=\u00a0\u00bb3.27.3&Prime; saved_tabs=\u00a0\u00bball\u00a0\u00bb][et_pb_fullwidth_menu menu_id=\u00a0\u00bb5&Prime; active_link_color=\u00a0\u00bb#e0251b\u00a0\u00bb _builder_version=\u00a0\u00bb3.29.3&Prime; menu_font=\u00a0\u00bb|300||on|||||\u00a0\u00bb menu_font_size=\u00a0\u00bb16px\u00a0\u00bb custom_css_main_element=\u00a0\u00bbtext-align: right;\u00a0\u00bb border_width_bottom=\u00a0\u00bb1px\u00a0\u00bb border_color_bottom=\u00a0\u00bb#e7e7e7&Prime;][\/et_pb_fullwidth_menu][\/et_pb_section][et_pb_section fb_built=\u00a0\u00bb1&Prime; _builder_version=\u00a0\u00bb3.27.3&Prime;][et_pb_row _builder_version=\u00a0\u00bb4.6.5&Prime; custom_margin=\u00a0\u00bb||0px||false|false\u00a0\u00bb custom_padding=\u00a0\u00bb||0px||false|false\u00a0\u00bb][et_pb_column type=\u00a0\u00bb4_4&Prime; _builder_version=\u00a0\u00bb3.27.3&Prime;][et_pb_text admin_label=\u00a0\u00bbPage heading\u00a0\u00bb module_class=\u00a0\u00bbpage-heading\u00a0\u00bb _builder_version=\u00a0\u00bb4.9.0&Prime; header_2_font=\u00a0\u00bb|300|||||||\u00a0\u00bb custom_margin=\u00a0\u00bb||0px||false|false\u00a0\u00bb custom_padding=\u00a0\u00bb||0px||false|false\u00a0\u00bb]<\/p>\n<h1>Comp\u00e9titions<\/h1>\n<p>[\/et_pb_text][et_pb_divider color=\u00a0\u00bb#E0251B\u00a0\u00bb divider_position=\u00a0\u00bbcenter\u00a0\u00bb divider_weight=\u00a0\u00bb4px\u00a0\u00bb _builder_version=\u00a0\u00bb4.6.6&Prime; max_width=\u00a0\u00bb15%\u00a0\u00bb module_alignment=\u00a0\u00bbleft\u00a0\u00bb custom_margin=\u00a0\u00bb0px||2rem||false|false\u00a0\u00bb custom_padding=\u00a0\u00bb0px||||false|false\u00a0\u00bb][\/et_pb_divider][et_pb_text disabled_on=\u00a0\u00bboff|off|off\u00a0\u00bb admin_label=\u00a0\u00bbText &#8211; Staff\u00a0\u00bb module_class=\u00a0\u00bbshowstaff\u00a0\u00bb _builder_version=\u00a0\u00bb4.9.2&Prime; hover_enabled=\u00a0\u00bb0&Prime; sticky_enabled=\u00a0\u00bb0&Prime;]<\/p>\n<h2>Les comp\u00e9titions de Nordiq Canada auront-elles lieu?<\/h2>\n<div>\n<p><span lang=\"FR-CA\">Toutes les \u00e9preuves de ski de fond sanctionn\u00e9es par la FIS au Canada sont annul\u00e9es en ce moment. Les comp\u00e9titions locales peuvent avoir lieu lorsqu\u2019il est s\u00e9curitaire de le faire et \u00e0 la discr\u00e9tion des divisions.<\/span><\/p>\n<\/div>\n<p>Vous vous demandez comment nous prenons nos d\u00e9cisions? Nous suivons le <a href=\"https:\/\/nordiqcanada.ca\/wp-content\/uploads\/Scenario-Plan_July162020-FR.pdf\">plan d\u2019intervention COVID-19 de Nordiq Canada<\/a>.<\/p>\n<p>[\/et_pb_text][\/et_pb_column][\/et_pb_row][et_pb_row _builder_version=\u00a0\u00bb4.9.0&Prime; _module_preset=\u00a0\u00bbdefault\u00a0\u00bb][et_pb_column type=\u00a0\u00bb4_4&Prime; _builder_version=\u00a0\u00bb4.6.5&Prime; _module_preset=\u00a0\u00bbdefault\u00a0\u00bb][et_pb_text _builder_version=\u00a0\u00bb4.9.0&Prime; _module_preset=\u00a0\u00bbdefault\u00a0\u00bb]<\/p>\n<h2>Prolongation des\u00a0p\u00e9riodes\u00a0de\u00a0calcul de points<\/h2>\n<p>Habituellement, les points de la FIS accumul\u00e9s par les athl\u00e8tes sont valides pour 365\u00a0jours. Le classement aux points de la FIS des athl\u00e8tes est bas\u00e9 sur la moyenne de leurs 5\u00a0meilleurs r\u00e9sultats sur une p\u00e9riode de 365\u00a0jours. Si un(e) athl\u00e8te ne participe pas aux comp\u00e9titions de la FIS pendant plus d\u2019un an, cet(te) athl\u00e8te perd ses points de la FIS. <strong>Vu les inqui\u00e9tudes concernant les annulations d\u2019\u00e9preuves en lien avec la pand\u00e9mie, la FIS a prolong\u00e9 la p\u00e9riode de calcul des points depuis le 13\u00a0mai\u00a02019; <\/strong>cela signifie que tous les points accumul\u00e9s du 13\u00a0mai\u00a02019 jusqu\u2019\u00e0 la fin de la saison\u00a02021 vont compter pour le classement aux points FIS des athl\u00e8tes. Les athl\u00e8tes qui commencent la saison\u00a02020-2021 avec des points FIS ne perdront pas leurs points s\u2019ils sont incapables de participer aux comp\u00e9titions sanctionn\u00e9es par la FIS.<\/p>\n<div>\n<p>Nordiq Canada a aussi prolong\u00e9 la p\u00e9riode de calcul de la Liste des points canadiens depuis le 13\u00a0mai\u00a02019. Cela signifie que tous les points accumul\u00e9s du 13\u00a0mai\u00a02019 jusqu\u2019\u00e0 la fin de la saison\u00a02021 vont compter pour le classement aux points LPC des athl\u00e8tes. Les athl\u00e8tes qui commencent la saison\u00a02020-2021 avec des points LPC ne perdront pas leurs points s\u2019ils sont incapables de participer aux comp\u00e9titions sanctionn\u00e9es par Nordiq Canada.<\/p>\n<p>Pour garder vos points LPC et\/ou FIS, vous devez d\u00e9tenir <a href=\"https:\/\/nordiqcanada.ca\/fr\/races\/licence-de-course\/\">une licence<\/a> de Nordiq Canada et\/ou FIS.\u00a0N\u2019attendez pas pour les renouveler\u00a0: seuls les d\u00e9tenteurs d\u2019une licence en vigueur seront inclus dans les calculs de la liste de points et seront \u00e9ligibles pour les s\u00e9lections.<\/p>\n<\/div>\n<p>[\/et_pb_text][\/et_pb_column][\/et_pb_row][et_pb_row _builder_version=\u00a0\u00bb4.6.5&Prime; _module_preset=\u00a0\u00bbdefault\u00a0\u00bb][et_pb_column type=\u00a0\u00bb4_4&Prime; _builder_version=\u00a0\u00bb4.6.5&Prime; _module_preset=\u00a0\u00bbdefault\u00a0\u00bb][et_pb_text _builder_version=\u00a0\u00bb4.6.6&Prime; _module_preset=\u00a0\u00bbdefault\u00a0\u00bb]<\/p>\n<h2>Modification des protocoles de course<\/h2>\n<p>Le <a href=\"https:\/\/covid.nordiqcanada.ca\/retour-au-ski\/?lang=fr#plan\">cadre pour le d\u00e9veloppement des protocoles de retour au ski de la COVID-19<\/a> de Nordiq Canada est offert pour vous aider \u00e0 modifier vos activit\u00e9s afin de respecter les diff\u00e9rentes mesures de sant\u00e9 publique en place dans votre r\u00e9gion. Le cadre comprend une section sp\u00e9cifique qui aborde les comp\u00e9titions.<\/p>\n<h2>Protocoles de nettoyage de l\u2019\u00e9quipement de chronom\u00e9trage Zone4<\/h2>\n<p>Veuillez consulter <a href=\"https:\/\/zone4.ca\/\">Zone4.ca<\/a> pour les plus r\u00e9cents conseils. Les conseils ci-apr\u00e8s \u00e9taient \u00e0 jour en date du 15\u00a0octobre\u00a02020.<\/p>\n<p>Pour nettoyer les GoChips apr\u00e8s utilisation, Zone4 recommande de les nettoyer dans une solution d\u2019eau de Javel dilu\u00e9e 1000\u00a0ppm avec de l\u2019eau pendant au moins 1\u00a0minute et jusqu\u2019\u00e0 4\u00a0heures. Laissez les puces s\u00e9cher \u00e0 l\u2019air ou rincez-les \u00e0 l\u2019eau avant de les laisser s\u00e9cher \u00e0 l\u2019air. Ne laissez pas les GoChips imbib\u00e9es d\u2019eau de Javel directement expos\u00e9es au soleil. L\u2019eau de Javel non dilu\u00e9e va d\u00e9truire l\u2019autocollant de la GoChip et des sangles et pourrait ab\u00eemer le bo\u00eetier.<\/p>\n<p>Comment pr\u00e9parer une solution d\u2019eau de Javel 1:50 (environ 1000\u00a0ppm)\u00a0:<\/p>\n<ul>\n<li>20\u00a0ml (4\u00a0cuill\u00e8res \u00e0 th\u00e9) d\u2019eau de Javel + 1000\u00a0ml (4\u00a0tasses) d\u2019eau<\/li>\n<li>100 ml (7\u00a0cuill\u00e8res \u00e0 soupe) d\u2019eau de Javel + 5000 ml (20\u00a0tasses) d\u2019eau<\/li>\n<\/ul>\n<p>Les athl\u00e8tes peuvent d\u00e9poser leur GoChips dans un sceau de solution d\u2019eau de Javel dans l\u2019aire d\u2019arriv\u00e9e.<\/p>\n<p>D\u2019autres pi\u00e8ces d\u2019\u00e9quipement comme les activateurs GoChips, les faisceaux de d\u00e9part, chronom\u00e8tres Summit et la ligne d\u2019arriv\u00e9e doivent \u00e9galement \u00eatre d\u00e9sinfect\u00e9es, soit en vaporisant une solution ou en utilisant une lingette imbib\u00e9e d\u2019eau de Javel 1000\u00a0ppm ou l\u2019un des d\u00e9sinfectants pour surfaces dures et d\u00e9sinfectants pour les mains recommand\u00e9s par <a href=\"https:\/\/www.canada.ca\/fr\/sante-canada\/services\/medicaments-produits-sante\/desinfectants\/covid-19\/liste.html\">Sant\u00e9 Canada<\/a>.<\/p>\n<p>L\u2019\u00e9quipement de chronom\u00e9trage est habituellement seulement manipul\u00e9 par les chronom\u00e9treurs lors d\u2019une \u00e9preuve. Zone4 recommande aux organisateurs de limiter le nombre de chronom\u00e9treurs qui manipulent chaque pi\u00e8ce d\u2019\u00e9quipement pour diminuer les contacts.<\/p>\n<p>Zone4 peut programmer lors de l\u2019inscription les puces GoChip pour chacun des athl\u00e8tes. Lorsque les informations de l\u2019inscription sont import\u00e9es dans le programme de chronom\u00e9trage, le num\u00e9ro de puce va automatiquement \u00eatre assign\u00e9 \u00e0 l\u2019athl\u00e8te. Vous pouvez importer les renseignements des athl\u00e8tes, incluant le num\u00e9ro GoChip, pour autant de courses que vous le voulez pendant la comp\u00e9tition. Les num\u00e9ros de dossard et les num\u00e9ros de puce n\u2019ont pas \u00e0 \u00eatre le m\u00eame, les athl\u00e8tes peuvent donc recevoir un num\u00e9ro de dossard diff\u00e9rent, mais garder la m\u00eame puce pour le lendemain. Cette fa\u00e7on est plus simple que d\u2019avoir \u00e0 nettoyer et faire s\u00e9cher les puces entre deux jours de course.<\/p>\n<p>[\/et_pb_text][et_pb_text _builder_version=\u00a0\u00bb4.6.6&Prime; _module_preset=\u00a0\u00bbdefault\u00a0\u00bb]<\/p>\n<h2>Liste de v\u00e9rification COVID<\/h2>\n<h3>G\u00e9n\u00e9ral<\/h3>\n<p>Pouvez-vous accueillir une comp\u00e9tition selon les restrictions actuelles sur les rassemblements?<\/p>\n<ul>\n<li>Les installations int\u00e9rieures seront-elles ouvertes?<\/li>\n<li>Si elles sont ouvertes, quelles sont les restrictions et pouvez-vous limiter l\u2019acc\u00e8s \u00e0 certains groupes?<\/li>\n<li>Si l\u2019acc\u00e8s aux b\u00e2timents est restreint ou ferm\u00e9, combien de v\u00e9hicules peuvent se stationner dans votre stationnement?<\/li>\n<li>En cas de mauvaises conditions m\u00e9t\u00e9orologiques (pluie ou temp\u00e9ratures glaciales), selon les restrictions ci-dessus, pouvez-vous tenir la comp\u00e9tition en toute s\u00e9curit\u00e9?<\/li>\n<\/ul>\n<h3>Format de comp\u00e9tition\u00a0<\/h3>\n<p>Quelles sont les restrictions sur les rassemblements, notamment pour les d\u00e9parts de masse.<\/p>\n<ul>\n<li>Devez-vous vous limiter \u00e0 moins de 25\u00a0personnes? Envisagez les d\u00e9parts en classique<\/li>\n<li>Vos pistes sont-elles assez larges pour que deux personnes puissent skier en pas de patin c\u00f4te \u00e0 c\u00f4te?<\/li>\n<li>Pouvez-vous tracer au moins 3\u00a0pistes classiques \u00e0 2\u00a0m de distance?<\/li>\n<li>Pouvez-vous utiliser des d\u00e9lin\u00e9ateurs en descente pour cr\u00e9er des corridors comme \u00e0 l\u2019arriv\u00e9e afin de maintenir la distanciation physique?<\/li>\n<\/ul>\n<h3>\u00c9l\u00e9ments \u00e0 consid\u00e9rer pour les d\u00e9parts par intervalle<\/h3>\n<ul>\n<li>Quelle est la longueur de boucle possible?<\/li>\n<li>D\u00e9parts aux 30\u00a0sec ou 60\u00a0sec?<\/li>\n<li>&lt; 2.5 km = d\u00e9parts aux 60\u00a0sec<\/li>\n<li>&gt; 2.5 km = d\u00e9parts aux 30\u00a0sec<\/li>\n<li>Faites des corridors \u00e0 tous les virages pour maintenir la distanciation physique.<\/li>\n<\/ul>\n<h3>Op\u00e9rations<\/h3>\n<ul>\n<li>Couvre-visage obligatoire en dehors de la comp\u00e9tition<\/li>\n<li>Toutes les r\u00e9unions de chef d\u2019\u00e9quipe se font en ligne<\/li>\n<li>Les c\u00e9r\u00e9monies de remise des m\u00e9dailles ont lieu seulement si le maintien de la distanciation physique est possible<\/li>\n<li>Aucune inscription le jour m\u00eame<\/li>\n<li>V\u00e9rification de l\u2019\u00e9tat de sant\u00e9. Le formulaire d\u2019inscription dont le lien se trouve sur l\u2019avis de course et le site de la comp\u00e9tition doit \u00eatre remis au (\u00e0 la) secr\u00e9taire de course.<\/li>\n<li>Du d\u00e9sinfectant pour les mains doit \u00eatre sur place pour l\u2019usage de tous<\/li>\n<li>Des toilettes chimiques doivent \u00eatre install\u00e9es si les salles de bain int\u00e9rieures sont ferm\u00e9es<\/li>\n<li>L\u2019horaire des courses et le plan de comp\u00e9tition doivent \u00eatre approuv\u00e9s par les autorit\u00e9s locales de sant\u00e9 publique<\/li>\n<li>Formulaire d\u2019attestation<\/li>\n<li>Avez-vous les ressources pour localiser un cas positif<\/li>\n<li>Un coordonnateur ou une coordonnatrice m\u00e9dical(e) doit \u00eatre d\u00e9sign\u00e9(e) sur place comme personne-ressource pour la COVID<\/li>\n<\/ul>\n<p>[\/et_pb_text][\/et_pb_column][\/et_pb_row][\/et_pb_section]<\/p>\n","protected":false},"excerpt":{"rendered":"<p>Comp\u00e9titionsLes comp\u00e9titions de Nordiq Canada auront-elles lieu? Toutes les \u00e9preuves de ski de fond sanctionn\u00e9es par la FIS au Canada sont annul\u00e9es en ce moment. Les comp\u00e9titions locales peuvent avoir lieu lorsqu\u2019il est s\u00e9curitaire de le faire et \u00e0 la discr\u00e9tion des divisions. Vous vous demandez comment nous prenons nos d\u00e9cisions? Nous suivons le plan [&hellip;]<\/p>\n","protected":false},"author":1,"featured_media":0,"parent":0,"menu_order":0,"comment_status":"closed","ping_status":"closed","template":"","meta":{"_et_pb_use_builder":"on","_et_pb_old_content":"","_et_gb_content_width":"","footnotes":""},"class_list":["post-772","page","type-page","status-publish","hentry"],"_links":{"self":[{"href":"https:\/\/covid.nordiqcanada.ca\/fr\/wp-json\/wp\/v2\/pages\/772","targetHints":{"allow":["GET"]}}],"collection":[{"href":"https:\/\/covid.nordiqcanada.ca\/fr\/wp-json\/wp\/v2\/pages"}],"about":[{"href":"https:\/\/covid.nordiqcanada.ca\/fr\/wp-json\/wp\/v2\/types\/page"}],"author":[{"embeddable":true,"href":"https:\/\/covid.nordiqcanada.ca\/fr\/wp-json\/wp\/v2\/users\/1"}],"replies":[{"embeddable":true,"href":"https:\/\/covid.nordiqcanada.ca\/fr\/wp-json\/wp\/v2\/comments?post=772"}],"version-history":[{"count":9,"href":"https:\/\/covid.nordiqcanada.ca\/fr\/wp-json\/wp\/v2\/pages\/772\/revisions"}],"predecessor-version":[{"id":1702,"href":"https:\/\/covid.nordiqcanada.ca\/fr\/wp-json\/wp\/v2\/pages\/772\/revisions\/1702"}],"wp:attachment":[{"href":"https:\/\/covid.nordiqcanada.ca\/fr\/wp-json\/wp\/v2\/media?parent=772"}],"curies":[{"name":"wp","href":"https:\/\/api.w.org\/{rel}","templated":true}]}}